{"id":354,"date":"2022-07-25T10:37:48","date_gmt":"2022-07-25T08:37:48","guid":{"rendered":"https:\/\/auszeit-in-isselburg.de\/?page_id=354"},"modified":"2025-03-17T23:17:08","modified_gmt":"2025-03-17T21:17:08","slug":"hinweise-und-buchungsbedingungen","status":"publish","type":"page","link":"https:\/\/auszeit-in-isselburg.de\/?page_id=354","title":{"rendered":"Hinweise und Buchungsbedingungen"},"content":{"rendered":"\t\t<div data-elementor-type=\"wp-page\" data-elementor-id=\"354\" class=\"elementor elementor-354\">\n\t\t\t\t\t\t<section class=\"elementor-section elementor-top-section elementor-element elementor-element-12f8774 elementor-section-boxed elementor-section-height-default elementor-section-height-default\" data-id=\"12f8774\" data-element_type=\"section\" data-e-type=\"section\">\n\t\t\t\t\t\t<div class=\"elementor-container elementor-column-gap-default\">\n\t\t\t\t\t<div class=\"elementor-column elementor-col-100 elementor-top-column elementor-element elementor-element-6f05b6e\" data-id=\"6f05b6e\" data-element_type=\"column\" data-e-type=\"column\">\n\t\t\t<div class=\"elementor-widget-wrap elementor-element-populated\">\n\t\t\t\t\t\t<div class=\"elementor-element elementor-element-4d35718 elementor-widget elementor-widget-text-editor\" data-id=\"4d35718\" data-element_type=\"widget\" data-e-type=\"widget\" data-widget_type=\"text-editor.default\">\n\t\t\t\t<div class=\"elementor-widget-container\">\n\t\t\t\t\t\t\t\t\t<p style=\"text-align: center;\"><span style=\"color: #83b4c9;\"><span style=\"color: #83b4c9;\"><b>Hinweise und Buchungsbedingungen<br><\/b><\/span><\/span><\/p>\t\t\t\t\t\t\t\t<\/div>\n\t\t\t\t<\/div>\n\t\t\t\t\t<\/div>\n\t\t<\/div>\n\t\t\t\t\t<\/div>\n\t\t<\/section>\n\t\t\t\t<section class=\"elementor-section elementor-top-section elementor-element elementor-element-a3b64d9 elementor-section-boxed elementor-section-height-default elementor-section-height-default\" data-id=\"a3b64d9\" data-element_type=\"section\" data-e-type=\"section\">\n\t\t\t\t\t\t<div class=\"elementor-container elementor-column-gap-default\">\n\t\t\t\t\t<div class=\"elementor-column elementor-col-100 elementor-top-column elementor-element elementor-element-74217ba\" data-id=\"74217ba\" data-element_type=\"column\" data-e-type=\"column\">\n\t\t\t<div class=\"elementor-widget-wrap elementor-element-populated\">\n\t\t\t\t\t\t<div class=\"elementor-element elementor-element-435b666 elementor-widget elementor-widget-toggle\" data-id=\"435b666\" data-element_type=\"widget\" data-e-type=\"widget\" data-widget_type=\"toggle.default\">\n\t\t\t\t<div class=\"elementor-widget-container\">\n\t\t\t\t\t\t\t<div class=\"elementor-toggle\">\n\t\t\t\t\t\t\t<div class=\"elementor-toggle-item\">\n\t\t\t\t\t<div id=\"elementor-tab-title-7061\" class=\"elementor-tab-title\" data-tab=\"1\" role=\"button\" aria-controls=\"elementor-tab-content-7061\" aria-expanded=\"false\">\n\t\t\t\t\t\t\t\t\t\t\t\t<span class=\"elementor-toggle-icon elementor-toggle-icon-left\" aria-hidden=\"true\">\n\t\t\t\t\t\t\t\t\t\t\t\t\t\t\t<span class=\"elementor-toggle-icon-closed\"><i class=\"fas fa-caret-right\"><\/i><\/span>\n\t\t\t\t\t\t\t\t<span class=\"elementor-toggle-icon-opened\"><i class=\"elementor-toggle-icon-opened fas fa-caret-up\"><\/i><\/span>\n\t\t\t\t\t\t\t\t\t\t\t\t\t<\/span>\n\t\t\t\t\t\t\t\t\t\t\t\t<a class=\"elementor-toggle-title\" tabindex=\"0\">Preise<\/a>\n\t\t\t\t\t<\/div>\n\n\t\t\t\t\t<div id=\"elementor-tab-content-7061\" class=\"elementor-tab-content elementor-clearfix\" data-tab=\"1\" role=\"region\" aria-labelledby=\"elementor-tab-title-7061\"><p><em>Alle auf der Webseite angegebenen Preise sind in Euro angegeben und verstehen sich als netto Preis. Es f\u00e4llt keine Umsatzsteuer an.<br \/>\u00dcbernachtungspreis ist der Preis pro Nacht bei der Buchung eines Aufenthaltes f\u00fcr eine Person exklusive Nebenleistungen.<\/em><\/p><p><em>Je Buchung werden zus\u00e4tzlich die angegebenen Geb\u00fchren f\u00fcr die Endreinigung erhoben,<br \/>Bettw\u00e4sche und Handt\u00fccher k\u00f6nnen wahlweise als Paket pro Person hinzugebucht, oder selbst mitgebracht werden.<\/em><\/p><p><em>Bei Buchungen mit weniger als vier N\u00e4chten Aufenthalt behalten wir uns vor einen Kurzzeitbuchungsaufschlag zu erheben.<\/em><\/p><p><em>Auf Anfrage ist es m\u00f6glich Haustiere in die FeWo mitzubringen.<\/em><\/p><p><em>Pro Haustier erheben wir einen \u00dcbernachtungspreis pro Nacht und einen Zuschlag auf die Endreinigung.<\/em><\/p><p><em>Bei Buchungen, die \u00fcber eine Dauer von 21 Tage hinausgehen sollen, sind individuelle Absprechen und Vereinbarungen zu \u00dcbernachtungspreisen m\u00f6glich.<\/em><\/p><\/div>\n\t\t\t\t<\/div>\n\t\t\t\t\t\t\t<div class=\"elementor-toggle-item\">\n\t\t\t\t\t<div id=\"elementor-tab-title-7062\" class=\"elementor-tab-title\" data-tab=\"2\" role=\"button\" aria-controls=\"elementor-tab-content-7062\" aria-expanded=\"false\">\n\t\t\t\t\t\t\t\t\t\t\t\t<span class=\"elementor-toggle-icon elementor-toggle-icon-left\" aria-hidden=\"true\">\n\t\t\t\t\t\t\t\t\t\t\t\t\t\t\t<span class=\"elementor-toggle-icon-closed\"><i class=\"fas fa-caret-right\"><\/i><\/span>\n\t\t\t\t\t\t\t\t<span class=\"elementor-toggle-icon-opened\"><i class=\"elementor-toggle-icon-opened fas fa-caret-up\"><\/i><\/span>\n\t\t\t\t\t\t\t\t\t\t\t\t\t<\/span>\n\t\t\t\t\t\t\t\t\t\t\t\t<a class=\"elementor-toggle-title\" tabindex=\"0\">Saisondaten<\/a>\n\t\t\t\t\t<\/div>\n\n\t\t\t\t\t<div id=\"elementor-tab-content-7062\" class=\"elementor-tab-content elementor-clearfix\" data-tab=\"2\" role=\"region\" aria-labelledby=\"elementor-tab-title-7062\"><p><em>Die Ferienwohnung hat im Jahr drei verschiedene Saisons.<br \/><\/em><em>Diese richten sich nach Feiertagen und Ferien in Deutschalnd.\u00a0<\/em><\/p>\n<table id=\"tablepress-1\" class=\"tablepress tablepress-id-1\">\n<thead>\n<tr class=\"row-1\">\n\t<th class=\"column-1\"><strong>Saison<\/strong><\/th><th class=\"column-2\"><em>von<\/em><\/th><th class=\"column-3\"><em>bis<\/em><\/th><td class=\"column-4\"><\/td><th class=\"column-5\"><em>Preis WG 1 <\/em><\/th><th class=\"column-6\"><em>Preis WG 2 <\/em><\/th>\n<\/tr>\n<\/thead>\n<tbody class=\"row-striping row-hover\">\n<tr class=\"row-2\">\n\t<td class=\"column-1\">Hauptsaison<\/td><td class=\"column-2\">01.01.2025<\/td><td class=\"column-3\">05.01.2025<\/td><td class=\"column-4\"><\/td><td class=\"column-5\">55,-<\/td><td class=\"column-6\">50,-<\/td>\n<\/tr>\n<tr class=\"row-3\">\n\t<td class=\"column-1\">AusserSaison<\/td><td class=\"column-2\">06.01.2025<\/td><td class=\"column-3\">30.03.2025<\/td><td class=\"column-4\"><\/td><td class=\"column-5\">42,-<\/td><td class=\"column-6\">38,-<\/td>\n<\/tr>\n<tr class=\"row-4\">\n\t<td class=\"column-1\">Nebensaison<\/td><td class=\"column-2\">31.03.2025<\/td><td class=\"column-3\">29.06.2025<\/td><td class=\"column-4\"><\/td><td class=\"column-5\">48,-<\/td><td class=\"column-6\">44,-<\/td>\n<\/tr>\n<tr class=\"row-5\">\n\t<td class=\"column-1\">Hauptsaison<\/td><td class=\"column-2\">14.04.2025<\/td><td class=\"column-3\">27.04.2025<\/td><td class=\"column-4\"><\/td><td class=\"column-5\">55,-<\/td><td class=\"column-6\">50,-<\/td>\n<\/tr>\n<tr class=\"row-6\">\n\t<td class=\"column-1\">Hauptsaison<\/td><td class=\"column-2\">30.06.2025<\/td><td class=\"column-3\">31.08.2025<\/td><td class=\"column-4\"><\/td><td class=\"column-5\">55,-<\/td><td class=\"column-6\">50,-<\/td>\n<\/tr>\n<tr class=\"row-7\">\n\t<td class=\"column-1\">Nebensaison<\/td><td class=\"column-2\">01.09.2025<\/td><td class=\"column-3\">26.10.2025<\/td><td class=\"column-4\"><\/td><td class=\"column-5\">48,-<\/td><td class=\"column-6\">44,-<\/td>\n<\/tr>\n<tr class=\"row-8\">\n\t<td class=\"column-1\">AusserSaison<\/td><td class=\"column-2\">27.10.2025<\/td><td class=\"column-3\">21.12.2025<\/td><td class=\"column-4\"><\/td><td class=\"column-5\">42,-<\/td><td class=\"column-6\">38,-<\/td>\n<\/tr>\n<tr class=\"row-9\">\n\t<td class=\"column-1\">Hauptsaison<\/td><td class=\"column-2\">22.12.2025<\/td><td class=\"column-3\">31.12.2025<\/td><td class=\"column-4\"><\/td><td class=\"column-5\">55,-<\/td><td class=\"column-6\">50,-<\/td>\n<\/tr>\n<tr class=\"row-10\">\n\t<td class=\"column-1\">Hauptsaison<\/td><td class=\"column-2\">01.01.2026<\/td><td class=\"column-3\">05.01.2026<\/td><td class=\"column-4\"><\/td><td class=\"column-5\">55,-<\/td><td class=\"column-6\">50,-<br \/>\n<\/td>\n<\/tr>\n<tr class=\"row-11\">\n\t<td class=\"column-1\">Au\u00dferSaison<\/td><td class=\"column-2\">05.01.2026<\/td><td class=\"column-3\">29.03.2026<\/td><td class=\"column-4\"><\/td><td class=\"column-5\">42,-<\/td><td class=\"column-6\">38,-<\/td>\n<\/tr>\n<tr class=\"row-12\">\n\t<td class=\"column-1\">Hauptsaison<\/td><td class=\"column-2\">29.03.2026<\/td><td class=\"column-3\">12.04.2026<\/td><td class=\"column-4\"><\/td><td class=\"column-5\">55,-<\/td><td class=\"column-6\">50,-<\/td>\n<\/tr>\n<tr class=\"row-13\">\n\t<td class=\"column-1\">Nebensaison<\/td><td class=\"column-2\">12.04.2026<\/td><td class=\"column-3\">28.06.2026<\/td><td class=\"column-4\"><\/td><td class=\"column-5\">48,-<\/td><td class=\"column-6\">44,-<\/td>\n<\/tr>\n<tr class=\"row-14\">\n\t<td class=\"column-1\">Hauptsaison<\/td><td class=\"column-2\">28.06.2026<\/td><td class=\"column-3\">30.08.2026<\/td><td class=\"column-4\"><\/td><td class=\"column-5\">55,-<\/td><td class=\"column-6\">50,-<\/td>\n<\/tr>\n<tr class=\"row-15\">\n\t<td class=\"column-1\">Nebensaison<\/td><td class=\"column-2\">30.08.2026<\/td><td class=\"column-3\">01.11.2026<\/td><td class=\"column-4\"><\/td><td class=\"column-5\">48,-<\/td><td class=\"column-6\">44,-<\/td>\n<\/tr>\n<tr class=\"row-16\">\n\t<td class=\"column-1\">Au\u00dferSaison<\/td><td class=\"column-2\">01.11.2026<\/td><td class=\"column-3\">21.12.2026<\/td><td class=\"column-4\"><\/td><td class=\"column-5\">42,-<\/td><td class=\"column-6\">38,-<\/td>\n<\/tr>\n<tr class=\"row-17\">\n\t<td class=\"column-1\">Hauptsaison<\/td><td class=\"column-2\">21.12.2026<\/td><td class=\"column-3\">30.12.2026<\/td><td class=\"column-4\"><\/td><td class=\"column-5\">55,-<\/td><td class=\"column-6\">50,-<\/td>\n<\/tr>\n<\/tbody>\n<\/table>\n<!-- #tablepress-1 from cache --><\/div>\n\t\t\t\t<\/div>\n\t\t\t\t\t\t\t<div class=\"elementor-toggle-item\">\n\t\t\t\t\t<div id=\"elementor-tab-title-7063\" class=\"elementor-tab-title\" data-tab=\"3\" role=\"button\" aria-controls=\"elementor-tab-content-7063\" aria-expanded=\"false\">\n\t\t\t\t\t\t\t\t\t\t\t\t<span class=\"elementor-toggle-icon elementor-toggle-icon-left\" aria-hidden=\"true\">\n\t\t\t\t\t\t\t\t\t\t\t\t\t\t\t<span class=\"elementor-toggle-icon-closed\"><i class=\"fas fa-caret-right\"><\/i><\/span>\n\t\t\t\t\t\t\t\t<span class=\"elementor-toggle-icon-opened\"><i class=\"elementor-toggle-icon-opened fas fa-caret-up\"><\/i><\/span>\n\t\t\t\t\t\t\t\t\t\t\t\t\t<\/span>\n\t\t\t\t\t\t\t\t\t\t\t\t<a class=\"elementor-toggle-title\" tabindex=\"0\">Buchung & Anzahlung<\/a>\n\t\t\t\t\t<\/div>\n\n\t\t\t\t\t<div id=\"elementor-tab-content-7063\" class=\"elementor-tab-content elementor-clearfix\" data-tab=\"3\" role=\"region\" aria-labelledby=\"elementor-tab-title-7063\"><p><em>Die Ferienwohnung gilt erst nach schriftlicher Best\u00e4tigung per E-Mail als reserviert, als best\u00e4tigt gilt die Buchung erst, wenn die Anzahlung oder der Volle Betrag bei uns eingegangen ist.<\/em><\/p><p>Sollte die Anzahlung nicht innerhalb von 10 Tagen nach Reserviergungsbest\u00e4tigung eingehen, behalten wir uns vor, denn Zeitraum wieder f\u00fcr andere Buchungen zur Verf\u00fcgung zu stellen.<\/p><p><em>Wir erheben eine Anzahlung in H\u00f6he der Kosten von mindesten einer \u00dcbernachtung bei Aufenthalten bis 4 N\u00e4chte, bzw. mind. 25 % der Kosten des Aufenthaltes bei Aufenthalten ab 5 N\u00e4chten (die Endreinigung wird in beiden F\u00e4llen nicht in die Anzahlung eingerechnet).<\/em><\/p><p><em>Diese Anzahlung kann per Bank\u00fcberweisung an die in der Buchungsbest\u00e4tigung angegebene Kontoverbindung entrichtet werden.<br \/><\/em><em style=\"font-size: 1rem;\">Sofern uns f\u00fcr die Zahlung entstehen (z.B. Geb\u00fchren durch PayPal f\u00fcr Zahlung die an H\u00e4ndler &amp; Dienstleister gesendet werden) legen wir diese Geb\u00fchren auf die jeweilige Buchung um.<\/em><\/p><p><em>Sollte der Aufenthalt nicht angetreten werden behalten wir uns vor, Stornogeb\u00fchren in H\u00f6he der\u00a0<\/em><em>Anzahlung<\/em><em>\u00a0einzubehalten.<\/em><\/p><p><em>Wird die Anzahlung nicht geleistet, behalten wir uns vor, die Buchung zu stornieren.<\/em><\/p><\/div>\n\t\t\t\t<\/div>\n\t\t\t\t\t\t\t<div class=\"elementor-toggle-item\">\n\t\t\t\t\t<div id=\"elementor-tab-title-7064\" class=\"elementor-tab-title\" data-tab=\"4\" role=\"button\" aria-controls=\"elementor-tab-content-7064\" aria-expanded=\"false\">\n\t\t\t\t\t\t\t\t\t\t\t\t<span class=\"elementor-toggle-icon elementor-toggle-icon-left\" aria-hidden=\"true\">\n\t\t\t\t\t\t\t\t\t\t\t\t\t\t\t<span class=\"elementor-toggle-icon-closed\"><i class=\"fas fa-caret-right\"><\/i><\/span>\n\t\t\t\t\t\t\t\t<span class=\"elementor-toggle-icon-opened\"><i class=\"elementor-toggle-icon-opened fas fa-caret-up\"><\/i><\/span>\n\t\t\t\t\t\t\t\t\t\t\t\t\t<\/span>\n\t\t\t\t\t\t\t\t\t\t\t\t<a class=\"elementor-toggle-title\" tabindex=\"0\">An- und Abreise<\/a>\n\t\t\t\t\t<\/div>\n\n\t\t\t\t\t<div id=\"elementor-tab-content-7064\" class=\"elementor-tab-content elementor-clearfix\" data-tab=\"4\" role=\"region\" aria-labelledby=\"elementor-tab-title-7064\"><p><em>Die Anreise ist in der Regel <strong>ab 14:00 Uhr<\/strong> m\u00f6glich. Es ist aber immer m\u00f6glich individuelle Ansprachen zu treffen.<\/em><\/p><p><em>Die Ferienwohnung sollte am Tag der Abreise <strong>bis sp\u00e4testens 10:30 Uhr<\/strong> ger\u00e4umt sein. <br \/>F\u00fcr den Fall, dass die tats\u00e4chliche Abreise erst sp\u00e4ter am Tag stattfinden kann besteht die M\u00f6glichkeit, das Gep\u00e4ck vor\u00fcbergehenden aufzubewahren.<\/em><\/p><p><em>Individuelle Absprachen sind m\u00f6glich, sofern die Belegungs- und Buchungssituation dies zul\u00e4sst.<\/em><\/p><p><em>Bei An- und Abreise wird eine \u00dcbergabe der Wohnung vorgenommen. So k\u00f6nnen eventuelle Unklarheiten beseitigt, Fragen gekl\u00e4rt und Missverst\u00e4ndnisse vermieden werden.<\/em><\/p><\/div>\n\t\t\t\t<\/div>\n\t\t\t\t\t\t\t<div class=\"elementor-toggle-item\">\n\t\t\t\t\t<div id=\"elementor-tab-title-7065\" class=\"elementor-tab-title\" data-tab=\"5\" role=\"button\" aria-controls=\"elementor-tab-content-7065\" aria-expanded=\"false\">\n\t\t\t\t\t\t\t\t\t\t\t\t<span class=\"elementor-toggle-icon elementor-toggle-icon-left\" aria-hidden=\"true\">\n\t\t\t\t\t\t\t\t\t\t\t\t\t\t\t<span class=\"elementor-toggle-icon-closed\"><i class=\"fas fa-caret-right\"><\/i><\/span>\n\t\t\t\t\t\t\t\t<span class=\"elementor-toggle-icon-opened\"><i class=\"elementor-toggle-icon-opened fas fa-caret-up\"><\/i><\/span>\n\t\t\t\t\t\t\t\t\t\t\t\t\t<\/span>\n\t\t\t\t\t\t\t\t\t\t\t\t<a class=\"elementor-toggle-title\" tabindex=\"0\">Wichtige Hinweise zum Aufenthalt<\/a>\n\t\t\t\t\t<\/div>\n\n\t\t\t\t\t<div id=\"elementor-tab-content-7065\" class=\"elementor-tab-content elementor-clearfix\" data-tab=\"5\" role=\"region\" aria-labelledby=\"elementor-tab-title-7065\"><p><em>Die Wohnung hat einen separaten Eingang, der Innenhof muss nicht betreten werden. <br \/>Wir bitte darum, dies zu beherzigen, denn nur so k\u00f6nnen wir f\u00fcr die Ruhe und Sicherheit der Tiere, aber auch f\u00fcr Deine Ruhe und Sicherheit als Gast, Sorge tragen.<\/em><\/p><p><em>Das F\u00fcttern der auf dem Hof lebenden Tiere ist untersagt!<\/em><\/p><p><em>Es kann immer mal etwas passieren. Sollte es zu einem Schaden in der Wohnung oder an Einrichtungsgegenst\u00e4nden kommen, bitten wir Dich, uns das direkt mitzuteilen. Dann k\u00f6nnen wir ggf. f\u00fcr schnellen Ersatz sorgen. Nichts ist \u00e4rgerlicher als Sch\u00e4den, die erst bei der Endreinigung auffallen.<\/em><\/p><p><em>Der Hof ist ein ist eine Nichtraucherhaushalt, das Rauchen ist innerhalb der Wohnung verboten.<\/em><\/p><p><em>Das Grillen mit Kohle-, Gas. oder anderen Grill mit offener Flamme sowie das Betreiben von offenen Feuern ist grunds\u00e4tzlich untersagt. Auf Grund der direkten N\u00e4he zu den W\u00e4ldern kann nur so eine Waldbrandgefahr vermieden werden.<\/em><\/p><p><em>F\u00fcr Aufenthalte \u00fcber den Jahreswechsel:<\/em><br \/><em>Feuerwerk, B\u00f6ller, oder \u00e4hnliches sind sowohl auf dem Hof, als auch auf den anliegenden Str\u00dfen und den umgebenden Wegen und W\u00e4ldern untersagt. Dies dienst dem Schutz der Tiere auf und und en Hof, sowei dem Schutz der umliegenden Natur.<\/em><\/p><\/div>\n\t\t\t\t<\/div>\n\t\t\t\t\t\t\t<div class=\"elementor-toggle-item\">\n\t\t\t\t\t<div id=\"elementor-tab-title-7066\" class=\"elementor-tab-title\" data-tab=\"6\" role=\"button\" aria-controls=\"elementor-tab-content-7066\" aria-expanded=\"false\">\n\t\t\t\t\t\t\t\t\t\t\t\t<span class=\"elementor-toggle-icon elementor-toggle-icon-left\" aria-hidden=\"true\">\n\t\t\t\t\t\t\t\t\t\t\t\t\t\t\t<span class=\"elementor-toggle-icon-closed\"><i class=\"fas fa-caret-right\"><\/i><\/span>\n\t\t\t\t\t\t\t\t<span class=\"elementor-toggle-icon-opened\"><i class=\"elementor-toggle-icon-opened fas fa-caret-up\"><\/i><\/span>\n\t\t\t\t\t\t\t\t\t\t\t\t\t<\/span>\n\t\t\t\t\t\t\t\t\t\t\t\t<a class=\"elementor-toggle-title\" tabindex=\"0\">Notf\u00e4lle<\/a>\n\t\t\t\t\t<\/div>\n\n\t\t\t\t\t<div id=\"elementor-tab-content-7066\" class=\"elementor-tab-content elementor-clearfix\" data-tab=\"6\" role=\"region\" aria-labelledby=\"elementor-tab-title-7066\"><p><em>F\u00fcr kleinere Notf\u00e4lle findet sich in der K\u00fcche ein Erste Hilfe-Kasten.<\/em><br \/><em>Bei gr\u00f6\u00dferen Notf\u00e4llen steht entweder die Hotline des \u00e4rztlichen Notdienstes<\/em><\/p><p><em><span style=\"text-decoration: underline;\"><strong>116 117<\/strong><\/span><\/em><\/p><p><em>oder nat\u00fcrlich der Notruf<\/em><\/p><p><em><span style=\"text-decoration: underline;\"><strong>112<\/strong><\/span><\/em><\/p><p><em>zur Verf\u00fcgung.<\/em><\/p><p><em>In F\u00e4llen des Notrufes bei der 112 bitten wir darum, informiert zu werden. Wir werden dann bei der Erstversorgung und der Einweisung und Koordination der Rettungskr\u00e4fte unterst\u00fctzen.<\/em><\/p><\/div>\n\t\t\t\t<\/div>\n\t\t\t\t\t\t\t<div class=\"elementor-toggle-item\">\n\t\t\t\t\t<div id=\"elementor-tab-title-7067\" class=\"elementor-tab-title\" data-tab=\"7\" role=\"button\" aria-controls=\"elementor-tab-content-7067\" aria-expanded=\"false\">\n\t\t\t\t\t\t\t\t\t\t\t\t<span class=\"elementor-toggle-icon elementor-toggle-icon-left\" aria-hidden=\"true\">\n\t\t\t\t\t\t\t\t\t\t\t\t\t\t\t<span class=\"elementor-toggle-icon-closed\"><i class=\"fas fa-caret-right\"><\/i><\/span>\n\t\t\t\t\t\t\t\t<span class=\"elementor-toggle-icon-opened\"><i class=\"elementor-toggle-icon-opened fas fa-caret-up\"><\/i><\/span>\n\t\t\t\t\t\t\t\t\t\t\t\t\t<\/span>\n\t\t\t\t\t\t\t\t\t\t\t\t<a class=\"elementor-toggle-title\" tabindex=\"0\">Nutzungshinweise f\u00fcr den Internetzugang<\/a>\n\t\t\t\t\t<\/div>\n\n\t\t\t\t\t<div id=\"elementor-tab-content-7067\" class=\"elementor-tab-content elementor-clearfix\" data-tab=\"7\" role=\"region\" aria-labelledby=\"elementor-tab-title-7067\"><p><em>Die Wohnung verf\u00fcgt \u00fcber ein WLAN-Netzwerk, mit dem G\u00e4ste Zugang zum Internet erhalten.<\/em><\/p>\n<p><em>Das Netzwerk ist Passwortgesch\u00fctzt und steht ausschlie\u00dflich unserer G\u00e4ste zur Verf\u00fcgung.<\/em><\/p>\n<p><em>Der Zugang und die Nutzung unterliegen Nutzungsbedingungen, die vor der ersten Nutzung akzeptiert werden m\u00fcssen. Diese sind hier in der jeweils aktuellen und g\u00fcltigen Version als Download erh\u00e4ltlich, bzw. liegen i der FeWo zum Nachlesen aus.<\/em><\/p><\/div>\n\t\t\t\t<\/div>\n\t\t\t\t\t\t\t<div class=\"elementor-toggle-item\">\n\t\t\t\t\t<div id=\"elementor-tab-title-7068\" class=\"elementor-tab-title\" data-tab=\"8\" role=\"button\" aria-controls=\"elementor-tab-content-7068\" aria-expanded=\"false\">\n\t\t\t\t\t\t\t\t\t\t\t\t<span class=\"elementor-toggle-icon elementor-toggle-icon-left\" aria-hidden=\"true\">\n\t\t\t\t\t\t\t\t\t\t\t\t\t\t\t<span class=\"elementor-toggle-icon-closed\"><i class=\"fas fa-caret-right\"><\/i><\/span>\n\t\t\t\t\t\t\t\t<span class=\"elementor-toggle-icon-opened\"><i class=\"elementor-toggle-icon-opened fas fa-caret-up\"><\/i><\/span>\n\t\t\t\t\t\t\t\t\t\t\t\t\t<\/span>\n\t\t\t\t\t\t\t\t\t\t\t\t<a class=\"elementor-toggle-title\" tabindex=\"0\">Stornierung<\/a>\n\t\t\t\t\t<\/div>\n\n\t\t\t\t\t<div id=\"elementor-tab-content-7068\" class=\"elementor-tab-content elementor-clearfix\" data-tab=\"8\" role=\"region\" aria-labelledby=\"elementor-tab-title-7068\"><p><em>Eine Stornierung ist grunds\u00e4tzlich m\u00f6glich. Hierzu bitten wir darum, uns eine Nachricht mit Deinen Buchungsdaten und dem Grund der Stornierung (z.B. Krankheit, famili\u00e4re Gr\u00fcnde, etc.) zu schicken, oder uns einfach anzurufen. Eine Stornierung wird von uns per Mail best\u00e4tigt.<\/em><\/p><p><em>Im Fall einer Stornierung behalten wir uns vor, Stornogeb\u00fchren in H\u00f6he der geleisteten Anzahlung einzubehalten.<br \/><br \/>\n<table id=\"tablepress-5\" class=\"tablepress tablepress-id-5\">\n<thead>\n<tr class=\"row-1\">\n\t<th class=\"column-1\"><strong>Stornogeb\u00fchren:<\/strong><\/th><td class=\"column-2\"><\/td>\n<\/tr>\n<\/thead>\n<tbody class=\"row-striping row-hover\">\n<tr class=\"row-2\">\n\t<td class=\"column-1\">bis 56 Tage vor Anreise:<\/td><td class=\"column-2\">volle Erstattung der Anzahlung<\/td>\n<\/tr>\n<tr class=\"row-3\">\n\t<td class=\"column-1\">bis 35 Tage vor Anreise:<\/td><td class=\"column-2\">70 % Erstattung der Anzahlung<\/td>\n<\/tr>\n<tr class=\"row-4\">\n\t<td class=\"column-1\">bis 21 Tage vor Anreise:<\/td><td class=\"column-2\">40 % Erstattung der Anzahlung<\/td>\n<\/tr>\n<tr class=\"row-5\">\n\t<td class=\"column-1\">bis 14 Tage vor Anreise:<\/td><td class=\"column-2\">10 % Erstattung der Anzahlung<\/td>\n<\/tr>\n<tr class=\"row-6\">\n\t<td class=\"column-1\">ab 14 Tage vor Anreise:<\/td><td class=\"column-2\">keine Erstattung der Anzahlung<\/td>\n<\/tr>\n<\/tbody>\n<\/table>\n<br \/><\/em><\/p><\/div>\n\t\t\t\t<\/div>\n\t\t\t\t\t\t\t\t<\/div>\n\t\t\t\t\t\t<\/div>\n\t\t\t\t<\/div>\n\t\t\t\t\t<\/div>\n\t\t<\/div>\n\t\t\t\t\t<\/div>\n\t\t<\/section>\n\t\t\t\t<section class=\"elementor-section elementor-top-section elementor-element elementor-element-0f25df4 elementor-section-boxed elementor-section-height-default elementor-section-height-default\" data-id=\"0f25df4\" data-element_type=\"section\" data-e-type=\"section\">\n\t\t\t\t\t\t<div class=\"elementor-container elementor-column-gap-default\">\n\t\t\t\t\t<div class=\"elementor-column elementor-col-100 elementor-top-column elementor-element elementor-element-5d26621\" data-id=\"5d26621\" data-element_type=\"column\" data-e-type=\"column\">\n\t\t\t<div class=\"elementor-widget-wrap elementor-element-populated\">\n\t\t\t\t\t\t<div class=\"elementor-element elementor-element-f1c1435 elementor-widget elementor-widget-image\" data-id=\"f1c1435\" data-element_type=\"widget\" data-e-type=\"widget\" data-widget_type=\"image.default\">\n\t\t\t\t<div class=\"elementor-widget-container\">\n\t\t\t\t\t\t\t\t\t\t\t\t\t\t\t<img decoding=\"async\" src=\"https:\/\/auszeit-in-isselburg.de\/wp-content\/uploads\/2022\/07\/l60ge9n3.gif\" title=\"\" alt=\"\" loading=\"lazy\" \/>\t\t\t\t\t\t\t\t\t\t\t\t\t\t\t<\/div>\n\t\t\t\t<\/div>\n\t\t\t\t\t<\/div>\n\t\t<\/div>\n\t\t\t\t\t<\/div>\n\t\t<\/section>\n\t\t\t\t<\/div>\n\t\t","protected":false},"excerpt":{"rendered":"<p>Hinweise und Buchungsbedingungen Preise Alle auf der Webseite angegebenen Preise sind in Euro angegeben und verstehen sich als netto Preis. Es f\u00e4llt keine Umsatzsteuer an.\u00dcbernachtungspreis ist der Preis pro Nacht bei der Buchung eines Aufenthaltes f\u00fcr eine Person exklusive Nebenleistungen. Je Buchung werden zus\u00e4tzlich die angegebenen Geb\u00fchren f\u00fcr die Endreinigung erhoben,Bettw\u00e4sche und Handt\u00fccher k\u00f6nnen wahlweise &hellip; <\/p>\n<p class=\"link-more\"><a href=\"https:\/\/auszeit-in-isselburg.de\/?page_id=354\" class=\"more-link\"><span class=\"screen-reader-text\">\u201eHinweise und Buchungsbedingungen\u201c <\/span>weiterlesen<\/a><\/p>\n","protected":false},"author":1,"featured_media":0,"parent":0,"menu_order":0,"comment_status":"closed","ping_status":"closed","template":"","meta":{"footnotes":""},"class_list":["post-354","page","type-page","status-publish","hentry"],"_links":{"self":[{"href":"https:\/\/auszeit-in-isselburg.de\/index.php?rest_route=\/wp\/v2\/pages\/354","targetHints":{"allow":["GET"]}}],"collection":[{"href":"https:\/\/auszeit-in-isselburg.de\/index.php?rest_route=\/wp\/v2\/pages"}],"about":[{"href":"https:\/\/auszeit-in-isselburg.de\/index.php?rest_route=\/wp\/v2\/types\/page"}],"author":[{"embeddable":true,"href":"https:\/\/auszeit-in-isselburg.de\/index.php?rest_route=\/wp\/v2\/users\/1"}],"replies":[{"embeddable":true,"href":"https:\/\/auszeit-in-isselburg.de\/index.php?rest_route=%2Fwp%2Fv2%2Fcomments&post=354"}],"version-history":[{"count":100,"href":"https:\/\/auszeit-in-isselburg.de\/index.php?rest_route=\/wp\/v2\/pages\/354\/revisions"}],"predecessor-version":[{"id":1646,"href":"https:\/\/auszeit-in-isselburg.de\/index.php?rest_route=\/wp\/v2\/pages\/354\/revisions\/1646"}],"wp:attachment":[{"href":"https:\/\/auszeit-in-isselburg.de\/index.php?rest_route=%2Fwp%2Fv2%2Fmedia&parent=354"}],"curies":[{"name":"wp","href":"https:\/\/api.w.org\/{rel}","templated":true}]}}